{"id":84792,"date":"2025-03-10T18:07:56","date_gmt":"2025-03-10T18:07:56","guid":{"rendered":"http:\/\/top-of-creators.com\/contact-us\/"},"modified":"2026-03-13T17:34:50","modified_gmt":"2026-03-13T17:34:50","slug":"contactenos","status":"publish","type":"page","link":"https:\/\/top-of-creators.com\/es\/contactenos\/","title":{"rendered":"Contactenos"},"content":{"rendered":"\t\t<div data-elementor-type=\"wp-page\" data-elementor-id=\"84792\" class=\"elementor elementor-84792 elementor-32377\" data-elementor-post-type=\"page\">\n\t\t\t\t<div class=\"elementor-element elementor-element-da4bc76 e-flex e-con-boxed e-con e-parent\" data-id=\"da4bc76\" data-element_type=\"container\" data-e-type=\"container\">\n\t\t\t\t\t<div class=\"e-con-inner\">\n\t\t\t\t<div class=\"elementor-element elementor-element-7079fb3 elementor-widget elementor-widget-spacer\" data-id=\"7079fb3\" data-element_type=\"widget\" data-e-type=\"widget\" data-widget_type=\"spacer.default\">\n\t\t\t\t\t\t\t<div class=\"elementor-spacer\">\n\t\t\t<div class=\"elementor-spacer-inner\"><\/div>\n\t\t<\/div>\n\t\t\t\t\t\t<\/div>\n\t\t\t\t<div class=\"elementor-element elementor-element-322a6d0 elementor-widget elementor-widget-text-editor\" data-id=\"322a6d0\" data-element_type=\"widget\" data-e-type=\"widget\" data-widget_type=\"text-editor.default\">\n\t\t\t\t\t\t\t\t\t<h1 data-section-id=\"15gfmz6\" data-start=\"1331\" data-end=\"1347\">Ponte en contacto<\/h1>\n<p data-start=\"1349\" data-end=\"1487\">Nos encantar\u00eda saber de ti. Tanto si eres usuario, creador de contenido o formas parte de una agencia, no dudes en contactarnos utilizando el formulario.<\/p>\t\t\t\t\t\t\t\t<\/div>\n\t\t\t\t\t<\/div>\n\t\t\t\t<\/div>\n\t\t<div class=\"elementor-element elementor-element-e16ed8a e-flex e-con-boxed e-con e-parent\" data-id=\"e16ed8a\" data-element_type=\"container\" data-e-type=\"container\" data-settings=\"{&quot;background_background&quot;:&quot;classic&quot;}\">\n\t\t\t\t\t<div class=\"e-con-inner\">\n\t\t<div class=\"elementor-element elementor-element-b8a1474 e-con-full e-flex e-con e-child\" data-id=\"b8a1474\" data-element_type=\"container\" data-e-type=\"container\">\n\t\t\t\t<div class=\"elementor-element elementor-element-00cab19 elementor-button-align-stretch elementor-widget elementor-widget-form\" data-id=\"00cab19\" data-element_type=\"widget\" data-e-type=\"widget\" data-settings=\"{&quot;step_next_label&quot;:&quot;Next&quot;,&quot;step_previous_label&quot;:&quot;Previous&quot;,&quot;button_width&quot;:&quot;100&quot;,&quot;step_type&quot;:&quot;number_text&quot;,&quot;step_icon_shape&quot;:&quot;circle&quot;}\" data-widget_type=\"form.default\">\n\t\t\t\t\t\t\t<form class=\"elementor-form\" method=\"post\" name=\"New Form\" aria-label=\"New Form\">\n\t\t\t<input type=\"hidden\" name=\"post_id\" value=\"84792\"\/>\n\t\t\t<input type=\"hidden\" name=\"form_id\" value=\"00cab19\"\/>\n\t\t\t<input type=\"hidden\" name=\"referer_title\" value=\"\" \/>\n\n\t\t\t\n\t\t\t<div class=\"elementor-form-fields-wrapper elementor-labels-above\">\n\t\t\t\t\t\t\t\t<div class=\"elementor-field-type-text elementor-field-group elementor-column elementor-field-group-name elementor-col-100\">\n\t\t\t\t\t\t\t\t\t\t\t\t<label for=\"form-field-name\" class=\"elementor-field-label\">\n\t\t\t\t\t\t\t\tNombre\t\t\t\t\t\t\t<\/label>\n\t\t\t\t\t\t\t\t\t\t\t\t\t\t<input size=\"1\" type=\"text\" name=\"form_fields[name]\" id=\"form-field-name\" class=\"elementor-field elementor-size-sm  elementor-field-textual\" placeholder=\"Nombre\">\n\t\t\t\t\t\t\t\t\t\t\t<\/div>\n\t\t\t\t\t\t\t\t<div class=\"elementor-field-type-email elementor-field-group elementor-column elementor-field-group-email elementor-col-100 elementor-field-required\">\n\t\t\t\t\t\t\t\t\t\t\t\t<label for=\"form-field-email\" class=\"elementor-field-label\">\n\t\t\t\t\t\t\t\tEmail\t\t\t\t\t\t\t<\/label>\n\t\t\t\t\t\t\t\t\t\t\t\t\t\t<input size=\"1\" type=\"email\" name=\"form_fields[email]\" id=\"form-field-email\" class=\"elementor-field elementor-size-sm  elementor-field-textual\" placeholder=\"Email\" required=\"required\">\n\t\t\t\t\t\t\t\t\t\t\t<\/div>\n\t\t\t\t\t\t\t\t<div class=\"elementor-field-type-textarea elementor-field-group elementor-column elementor-field-group-message elementor-col-100\">\n\t\t\t\t\t\t\t\t\t\t\t\t<label for=\"form-field-message\" class=\"elementor-field-label\">\n\t\t\t\t\t\t\t\tMensaje\t\t\t\t\t\t\t<\/label>\n\t\t\t\t\t\t<textarea class=\"elementor-field-textual elementor-field  elementor-size-sm\" name=\"form_fields[message]\" id=\"form-field-message\" rows=\"4\" placeholder=\"Mensaje\"><\/textarea>\t\t\t\t<\/div>\n\t\t\t\t\t\t\t\t<div class=\"elementor-field-group elementor-column elementor-field-type-submit elementor-col-100 e-form__buttons\">\n\t\t\t\t\t<button class=\"elementor-button elementor-size-sm\" type=\"submit\">\n\t\t\t\t\t\t<span class=\"elementor-button-content-wrapper\">\n\t\t\t\t\t\t\t\t\t\t\t\t\t\t\t\t\t\t\t\t\t\t<span class=\"elementor-button-text\">Enviar<\/span>\n\t\t\t\t\t\t\t\t\t\t\t\t\t<\/span>\n\t\t\t\t\t<\/button>\n\t\t\t\t<\/div>\n\t\t\t<\/div>\n\t\t<\/form>\n\t\t\t\t\t\t<\/div>\n\t\t\t\t<\/div>\n\t\t<div class=\"elementor-element elementor-element-2b9d900 e-con-full e-flex e-con e-child\" data-id=\"2b9d900\" data-element_type=\"container\" data-e-type=\"container\">\n\t\t\t\t<div class=\"elementor-element elementor-element-3398a51 elementor-widget elementor-widget-text-editor\" data-id=\"3398a51\" data-element_type=\"widget\" data-e-type=\"widget\" data-widget_type=\"text-editor.default\">\n\t\t\t\t\t\t\t\t\t<h4 data-section-id=\"nwdd0\" data-start=\"1494\" data-end=\"1517\">\ud83d\udc64 Usuarios y visitantes<\/h4>\n<p data-start=\"1518\" data-end=\"1701\">Si tienes preguntas sobre perfiles, listados o sobre c\u00f3mo funciona la plataforma, nuestro equipo estar\u00e1 encantado de ayudarte. Tambi\u00e9n puedes contactarnos para reportar problemas o enviarnos comentarios sobre el sitio.<\/p>\n\n<h4 data-section-id=\"bhglab\" data-start=\"1708\" data-end=\"1731\">\u2b50 Creadores y modelos<\/h4>\n<p data-start=\"1732\" data-end=\"1944\">\u00bfEres creador y buscas <strong data-start=\"1761\" data-end=\"1808\">hacer crecer tu audiencia y ganar m\u00e1s visibilidad<\/strong>? Nuestros directorios ayudan a promocionar creadores y a generar tr\u00e1fico dirigido hacia sus perfiles. Cont\u00e1ctanos para conocer las oportunidades de promoci\u00f3n.<\/p>\n\n<h4 data-section-id=\"1qp2p01\" data-start=\"1951\" data-end=\"1976\">\ud83e\udd1d Agencias y estudios<\/h4>\n<p data-start=\"1977\" data-end=\"2164\">Colaboramos con <strong data-start=\"1997\" data-end=\"2029\">agencias y estudios de creadores<\/strong> interesados en promocionar m\u00faltiples perfiles o en construir colaboraciones a largo plazo. Si buscas promoci\u00f3n a mayor escala, hablemos.<\/p>\t\t\t\t\t\t\t\t<\/div>\n\t\t\t\t<\/div>\n\t\t\t\t\t<\/div>\n\t\t\t\t<\/div>\n\t\t<div class=\"elementor-element elementor-element-38bb124 e-flex e-con-boxed e-con e-parent\" data-id=\"38bb124\" data-element_type=\"container\" data-e-type=\"container\" data-settings=\"{&quot;background_background&quot;:&quot;classic&quot;}\">\n\t\t\t\t\t<div class=\"e-con-inner\">\n\t\t\t\t<div class=\"elementor-element elementor-element-d79acfe elementor-widget elementor-widget-text-editor\" data-id=\"d79acfe\" data-element_type=\"widget\" data-e-type=\"widget\" data-widget_type=\"text-editor.default\">\n\t\t\t\t\t\t\t\t\t<h3 data-section-id=\"1cevj5p\" data-start=\"2307\" data-end=\"2347\">\u00bfQuieres promocionar tu perfil m\u00e1s r\u00e1pido?<\/h3>\n<p data-start=\"2349\" data-end=\"2537\">Si eres creador de contenido y quieres aumentar tu visibilidad y atraer m\u00e1s suscriptores, ofrecemos <strong data-start=\"2453\" data-end=\"2505\">posiciones destacadas y oportunidades de promoci\u00f3n<\/strong> dentro de nuestros directorios de creadores.<\/p>\n<p data-start=\"2539\" data-end=\"2617\">Muchos creadores utilizan nuestra plataforma para llegar a nuevas audiencias y hacer crecer su base de fans.<\/p>\n<p data-start=\"2619\" data-end=\"2688\">Utiliza el formulario de contacto para conocer m\u00e1s sobre las opciones de promoci\u00f3n disponibles.<\/p>\t\t\t\t\t\t\t\t<\/div>\n\t\t\t\t<div class=\"elementor-element elementor-element-313e233 elementor-align-center elementor-widget elementor-widget-button\" data-id=\"313e233\" data-element_type=\"widget\" data-e-type=\"widget\" data-widget_type=\"button.default\">\n\t\t\t\t\t\t\t\t\t\t<a class=\"elementor-button elementor-button-link elementor-size-sm\" href=\"https:\/\/growwithfans.com\/\">\n\t\t\t\t\t\t<span class=\"elementor-button-content-wrapper\">\n\t\t\t\t\t\t\t\t\t<span class=\"elementor-button-text\">Promociona tu perfil<\/span>\n\t\t\t\t\t<\/span>\n\t\t\t\t\t<\/a>\n\t\t\t\t\t\t\t\t<\/div>\n\t\t\t\t<div class=\"elementor-element elementor-element-ea9cfc9 elementor-widget elementor-widget-text-editor\" data-id=\"ea9cfc9\" data-element_type=\"widget\" data-e-type=\"widget\" data-widget_type=\"text-editor.default\">\n\t\t\t\t\t\t\t\t\t<h3 data-section-id=\"1u2dn09\" data-start=\"3712\" data-end=\"3731\">\u00bfPor qu\u00e9 contactarnos?<\/h3>\n<p data-start=\"3733\" data-end=\"3981\">Nuestros directorios ayudan a los usuarios a descubrir creadores y permiten que modelos, creadores y agencias aumenten su visibilidad en m\u00faltiples plataformas. Si tienes preguntas sobre listados, oportunidades de promoci\u00f3n o posibles colaboraciones, nuestro equipo est\u00e1 listo para ayudarte.<\/p>\t\t\t\t\t\t\t\t<\/div>\n\t\t\t\t<div class=\"elementor-element elementor-element-e476b15 elementor-widget elementor-widget-spacer\" data-id=\"e476b15\" data-element_type=\"widget\" data-e-type=\"widget\" data-widget_type=\"spacer.default\">\n\t\t\t\t\t\t\t<div class=\"elementor-spacer\">\n\t\t\t<div class=\"elementor-spacer-inner\"><\/div>\n\t\t<\/div>\n\t\t\t\t\t\t<\/div>\n\t\t\t\t\t<\/div>\n\t\t\t\t<\/div>\n\t\t\t\t<\/div>\n\t\t","protected":false},"excerpt":{"rendered":"<p>Ponte en contacto Nos encantar\u00eda saber de ti. Tanto si eres usuario, creador de contenido o formas parte de una agencia, no dudes en contactarnos utilizando el formulario. \ud83d\udc64 Usuarios y visitantes Si tienes preguntas sobre perfiles, listados o sobre c\u00f3mo funciona la plataforma, nuestro equipo estar\u00e1 encantado de ayudarte. Tambi\u00e9n puedes contactarnos para reportar [&hellip;]<\/p>\n","protected":false},"author":2,"featured_media":0,"parent":0,"menu_order":0,"comment_status":"closed","ping_status":"closed","template":"","meta":{"_acf_changed":false,"footnotes":""},"class_list":["post-84792","page","type-page","status-publish","hentry"],"acf":[],"aioseo_notices":[],"_links":{"self":[{"href":"https:\/\/top-of-creators.com\/es\/wp-json\/wp\/v2\/pages\/84792","targetHints":{"allow":["GET"]}}],"collection":[{"href":"https:\/\/top-of-creators.com\/es\/wp-json\/wp\/v2\/pages"}],"about":[{"href":"https:\/\/top-of-creators.com\/es\/wp-json\/wp\/v2\/types\/page"}],"author":[{"embeddable":true,"href":"https:\/\/top-of-creators.com\/es\/wp-json\/wp\/v2\/users\/2"}],"replies":[{"embeddable":true,"href":"https:\/\/top-of-creators.com\/es\/wp-json\/wp\/v2\/comments?post=84792"}],"version-history":[{"count":0,"href":"https:\/\/top-of-creators.com\/es\/wp-json\/wp\/v2\/pages\/84792\/revisions"}],"wp:attachment":[{"href":"https:\/\/top-of-creators.com\/es\/wp-json\/wp\/v2\/media?parent=84792"}],"curies":[{"name":"wp","href":"https:\/\/api.w.org\/{rel}","templated":true}]}}